{"id":2,"date":"2012-06-20T15:04:37","date_gmt":"2012-06-20T15:04:37","guid":{"rendered":"http:\/\/people.brandonu.ca\/ebertsd\/?page_id=2"},"modified":"2020-09-12T21:09:05","modified_gmt":"2020-09-13T02:09:05","slug":"sample-page","status":"publish","type":"page","link":"https:\/\/people.brandonu.ca\/ebertsd\/","title":{"rendered":"Dr. Derrek Eberts"},"content":{"rendered":"<h2><img loading=\"lazy\" decoding=\"async\" class=\"alignright size-full wp-image-38\" title=\"eberts\" alt=\"\" src=\"https:\/\/people.brandonu.ca\/ebertsd\/files\/2012\/12\/eberts.jpg\" height=\"269\" width=\"260\" \/>Courses:<\/h2>\n<h3>2020-2021<\/h3>\n<ul>\n<li>38:265 Applied Quantitative Methods in Geography<\/li>\n<li>38:280 Economic Geography<\/li>\n<li>38:281 Urban Geography<\/li>\n<\/ul>\n<h3>2019-2020<\/h3>\n<ul>\n<li>38:180 People and Places: An Introduction to Human Geography<\/li>\n<li>38:265 Applied Quantitative Methods in Geography<\/li>\n<li>38:280 Economic Geography<\/li>\n<li>38:381 Urban Geography<\/li>\n<\/ul>\n<h3>2018-2019<\/h3>\n<ul>\n<li>38:180 Human Geography<\/li>\n<li>38:265 Applied Quantitative Methods in Geography<\/li>\n<li>38:358 Field Studies in Geography (Puerto Vallarta)<\/li>\n<\/ul>\n<h3>Academic Qualifications<\/h3>\n<p><strong>Ph.D.<\/strong> York University(2001), North York, Ontario, Canada<br \/>\n<strong>M.A.<\/strong> University of Saskatchewan(1995), Saskatoon, Saskatchewan, Canada<br \/>\n<strong>B.A.(Honours)<\/strong> University of Saskatchewan(1993), Saskatoon, Saskatchewan, Canada<\/p>\n<h3>Research Interests<\/h3>\n<p>Ethnic Recreational Landscapes<br \/>\nGolf<br \/>\nNeo-artisanal Production<br \/>\nSmall City Downtowns<br \/>\nTourism Impacts and Perceptions in Rural Mexico<br \/>\n(Canadian) Brewing Industry<\/p>\n<div>\n<h3>Recent Publications<\/h3>\n<p>Espinoza S\u00e1nchez, R., B. Massam, A. Palafox Mu\u00f1oz, D. Eberts, C. Verduzco Villase\u00f1or, E. Andrade Romo, 2017. \u201cReflexiones finales sobre Econom\u00eda y Conocimiento para el Desarrollo Regional Sustenable.\u201d in H.R. Ramirez Part\u00edda, <em>et al<\/em>. (eds.) <em>Econom\u00eda y Conocimiento para Desarrollo Regional Sustenable<\/em>. Tepic, Nayarit, MX: Universidad Auton\u00f3ma de Nayarit.<\/p>\n<p>Ramsey, D., A. Michalos, and D. Eberts, 2016. \u201cCommunity Changes and Growth in Small Cities: Resident Perceptions of Growth in Brandon, Manitoba, Canada.\u201d <em>Growth and Change<\/em>. (Published in Early View Feb. 20, 2016, DOI: 10.1111\/grow.12150).<\/p>\n<p>Eberts, D., 2014. \u201cNeolocalism and the Branding and Marketing of Place by Canadian Microbreweries.\u201d in M. Patterson and N. Hoalst-Pullen (eds.) <em>The Geography of Beer: Regions, Environment, and Societies<\/em>. New York: Springer. pp. 189-199.<\/p>\n<p>Everitt, J., and D. Eberts, 2014. \u201cPrefacio.\u201d in R. Espinoza Sanchez, R.M. Chavez Dagostino, E.A. Romo, J.L.C. Ortega, and Y.P. Zepeda (eds) <em>Una d\u00e9cada de colaboraci\u00f3n acad\u00e9mica para el desarrollo entre M\u00e9xico y Canad\u00e1<\/em>. Puerto Vallarta: Universidad de Guadalajara, Centro Universitario de la Costa.<\/p>\n<h3>Reports<\/h3>\n<p>Ramsey, D. and D. Eberts. 2013. <em>The Economic Impact of the Keystone Centre to Brandon: A Preliminary Report<\/em>. Report Prepared for the Keystone Centre, Brandon, Manitoba, December 9, 2013.<\/p>\n<p>Ramsey, D. and D. Eberts. 2011. <em>Feasibility Report on the Conservation and Rehabilitation of Dominion Exhibition Display Building No. II and the Development of an Agricultural Campus<\/em>. Report Prepared for the Provincial Exhibition, Brandon, Manitoba, September 29, 2011.<\/p>\n<\/div>\n<h3>Recent Conference Presentations<\/h3>\n<p>Eberts, D., and R. Espinoza S\u00e1nchez, 2019. \u201cCultural Heritage and Tourism in Mexico\u2019s \u201cPueblos M\u00e1gicos\u201d.\u201d Paper presented at the Annual Meeting of the Canadian Association of Geographers, Winnpeg, MB, May 27 \u2013 31.<\/p>\n<p>Eberts, D., and R. Espinoza S\u00e1nchez, 2018. \u201cCultural Heritage and Tourism in Mexico\u2019s \u201cPueblos M\u00e1gicos\u201d.\u201d Paper presented at the International Conference Turystyka Kuulturowa \u2013 Teoria i Praktyka. Stan bada\u0144, praktyczne zastosowania i perspektywy rozwoju (Cultural Tourism \u2013 Theory and Practice. Research Status Quo, Practical Applications and Development Perspectives), Poznan, Poland, Oct. 25 \u2013 27.<\/p>\n<p>Eberts, D., and R. Espinoza S\u00e1nchez, 2018. \u201cTourism to benefit whom? Community impacts and community needs at the periphery of a tourism mega-project in rural Jalisco State, Mexico.\u201d Paper presented at the Meeting of the International Geographical Union \/ Canadian Association of Geographers, Quebec City, QC, August 6 \u2013 10.<\/p>\n<p>Eberts, D., and R. Espinoza S\u00e1nchez, 2017. \u201cPerceptions of community impacts of a tourism mega-project in rural Jalisco State, Mexico: The New Cancun.\u201d Paper presented at the Annual Meeting of the Canadian Association of Geographers, Toronto, ON, May 29 \u2013 June 2.<\/p>\n<p>Eberts, D., and R. Espinoza S\u00e1nchez, 2016. \u201cPerceptions of impacts of a tourism mega-project in a rural and remote region in Jalisco State, Mexico: The New Cancun.\u201d Paper presented at the Annual Meeting of the Canadian Association of Geographers, Halifax, NS, May 30 &#8211; June 4.<\/p>\n<p>Brandt, P., D. Wiseman, and D. Eberts, 2016. \u201cAn historical analysis of food accessibility in Brandon, Manitoba.\u201d Paper presented at the Annual Meeting of the Canadian Association of Geographers, Halifax, ON, May 30 &#8211; June 4.<\/p>\n<p>Eberts, D., and R. Espinoza S\u00e1nchez, 2015. \u201cCultural Sustainability of Tourism in Rural Communities near Puerto Vallarta, Mexico.\u201d Paper presented at the Annual Meeting of the Prairie Division, Canadian Association of Geographers, Kenora, ON, Sept. 25-27.<\/p>\n<p>Eberts, D., and R. Espinoza S\u00e1nchez, 2015. \u201cCultural Sustainability of Tourism in Rural Communities near Puerto Vallarta, Mexico.\u201d Paper presented at the Annual Meeting of the Canadian Association of Geographers, Vancouver, BC, June 1-5.<\/p>\n<p>Eberts, D., and R. Espinoza S\u00e1nchez, 2014.\u00a0 \u201cImpacts of New Tourism in Rural and Remote Communities in Jalisco State, Mexico.\u201d Paper presented at the Annual Meeting of the Canadian Association of Geographers, St. Catharines, ON, May 26-30.<\/p>\n<p>Eberts, D., and R. Espinoza S\u00e1nchez, 2013.\u00a0 \u201cThe Transformation of a Tourist Space: Puerto Vallarta&#8217;s Malecon.\u201d\u00a0 Paper presented at the VI International Tourism Congress, Peniche, Portugal, Nov. 27-29.<\/p>\n<p>Eberts, D., and R. Espinoza S\u00e1nchez, 2013.\u00a0 \u201cThe Transformation of a Tourist Space: Puerto Vallarta&#8217;s Malecon.\u201d\u00a0 Paper presented at the Annual Meeting of the Canadian Association of Geographers, St. John\u2019s, NL, August 11-15.<\/p>\n<p>Eberts, D., and R. Espinoza S\u00e1nchez, 2012.\u00a0 \u201cThe Transformation of a Tourist Space: Puerto Vallarta&#8217;s Malecon.\u201d\u00a0 Paper presented at the Annual Meeting of the Prairie Division, Canadian Association of Geographers, Winkler, MB, Sept. 28-30.<\/p>\n<p>Eberts, D, and D. Ramsey, 2012.\u00a0 \u201cNeighbourhood Variation in Perceived Quality of Life in Brandon, Manitoba.\u201d\u00a0 Paper presented at the Annual Meeting of the Canadian Association of Geographers, Waterloo, ON, May 28 &#8211; June 2.<\/p>\n<p>Eberts, D., and D. Tousignant, 2011.\u00a0 &#8220;A Secondary Impact of Tourism: Waste and the Scavengers of Puerto Vallarta, Mexico.&#8221; Paper presented at the Annual Meeting of the Prairie Division, Canadian Association of Geographers, Devil\u2019s Lake, ND, Sept. 16-18.<\/p>\n<p>Eberts, D., D. Ramsey, and A. Michalos, 2011.\u00a0 &#8220;Neighbourhood Quality of Life in Brandon, MB.&#8221; Paper presented at the Annual Meeting of the Canadian Association of Geographers, Calgary, AB, May 31 &#8211; June 4.<\/p>\n<p>Tousignant, D., and D. Eberts, 2010.\u00a0 &#8220;Waste Management\u2019s Impact on Residential Quality of Life: A Case Study of Puerto Vallarta, Mexico.&#8221; Paper presented at the Annual Meeting of the Prairie Division, Canadian Association of Geographers, North Battleford, SK, Sept. 24 &#8211; 26.<\/p>\n<p>Eberts, D., R. Espinoza Sanchez, R. Ch\u00e1vez Dagostino, and E. Romo, 2010.\u00a0 &#8220;The Shadow Side of Tourism: Impacts of Waste on Quality of Life in Puerto Vallarta, Mexico.&#8221; Paper presented at the Annual Meeting of the Canadian Association of Geographers, Regina, SK, June 1 &#8211; 5.<\/p>\n<h3>Service<\/h3>\n<p>Chair, Department of Geography<\/p>\n<p>Past-President, Canadian Association of Geographers, Prairie Division<\/p>\n<p>Treasurer, Canadian Association of Geographers, Economic Geography Study Group<\/p>\n<p>&nbsp;<\/p>\n","protected":false},"excerpt":{"rendered":"<p>Courses: 2020-2021 38:265 Applied Quantitative Methods in Geography 38:280 Economic Geography 38:281 Urban Geography 2019-2020 38:180 People and Places: An Introduction to Human Geography 38:265 Applied Quantitative Methods in Geography 38:280 Economic Geography 38:381 Urban Geography 2018-2019 38:180 Human Geography 38:265 Applied Quantitative Methods in Geography 38:358 Field Studies in Geography (Puerto Vallarta) Academic Qualifications [&hellip;]<\/p>\n","protected":false},"author":22,"featured_media":0,"parent":0,"menu_order":0,"comment_status":"closed","ping_status":"open","template":"","meta":{"footnotes":""},"class_list":["post-2","page","type-page","status-publish","hentry"],"_links":{"self":[{"href":"https:\/\/people.brandonu.ca\/ebertsd\/wp-json\/wp\/v2\/pages\/2","targetHints":{"allow":["GET"]}}],"collection":[{"href":"https:\/\/people.brandonu.ca\/ebertsd\/wp-json\/wp\/v2\/pages"}],"about":[{"href":"https:\/\/people.brandonu.ca\/ebertsd\/wp-json\/wp\/v2\/types\/page"}],"author":[{"embeddable":true,"href":"https:\/\/people.brandonu.ca\/ebertsd\/wp-json\/wp\/v2\/users\/22"}],"replies":[{"embeddable":true,"href":"https:\/\/people.brandonu.ca\/ebertsd\/wp-json\/wp\/v2\/comments?post=2"}],"version-history":[{"count":48,"href":"https:\/\/people.brandonu.ca\/ebertsd\/wp-json\/wp\/v2\/pages\/2\/revisions"}],"predecessor-version":[{"id":69,"href":"https:\/\/people.brandonu.ca\/ebertsd\/wp-json\/wp\/v2\/pages\/2\/revisions\/69"}],"wp:attachment":[{"href":"https:\/\/people.brandonu.ca\/ebertsd\/wp-json\/wp\/v2\/media?parent=2"}],"curies":[{"name":"wp","href":"https:\/\/api.w.org\/{rel}","templated":true}]}}