{"id":27,"date":"2016-05-13T10:05:24","date_gmt":"2016-05-13T15:05:24","guid":{"rendered":"http:\/\/people.brandonu.ca\/everitt\/?page_id=27"},"modified":"2016-06-16T12:01:49","modified_gmt":"2016-06-16T17:01:49","slug":"selected-recent-publications","status":"publish","type":"page","link":"https:\/\/people.brandonu.ca\/everitt\/selected-recent-publications\/","title":{"rendered":"Selected Recent Publications"},"content":{"rendered":"<p><a name=\"top\"><\/a><\/p>\n<h5><a href=\"https:\/\/people.brandonu.ca\/everitt\/selected-recent-publications\/#1\" target=\"_top\">ARTICLES IN JOURNALS<\/a><\/h5>\n<h5><a href=\"https:\/\/people.brandonu.ca\/everitt\/selected-recent-publications\/#2\" target=\"_top\">ARTICLES IN EDITED VOLUMES<\/a><\/h5>\n<h5><a href=\"https:\/\/people.brandonu.ca\/everitt\/selected-recent-publications\/#3\" target=\"_top\">REPORTS AND MONOGRAPHS<\/a><\/h5>\n<p><a name=\"1\"><\/a><\/p>\n<h5>ARTICLES IN JOURNALS<\/h5>\n<p>R. Douglas Ramsey and John Everitt \u201cTourism as a Development Strategy in Belize, Central America\u201d. <span>Ara: Journal of Tourism Research<\/span>. 1(1). 2008: 1-14.<\/p>\n<p>John Everitt, Bryan H. Massam, Rosa M. Ch\u00e1vez-Dagostino, Rodrigo Espinoza Sanchez, Edmundo Andrade Romo \u201cImprints of Tourism on Puerto Vallarta, Jalisco, Mexico.\u201d <span>The Canadian Geographer<\/span> 52 (1) 2008: 83-104.<\/p>\n<p>John Lehr, John Everitt and Simon Evans \u201cThe Making of the Prairie Landscape\u201d <span>Prairie Forum<\/span>\u00a0 Spring 2008: 1-38.<\/p>\n<p>R. Douglas Ramsey and John Everitt \u201cIf You Dig It, They Will Come! Archaeology Heritage Sites and Tourism Development in Belize, Central America\u201d. <span>Tourism Management<\/span> 29 (5) 2008: 909-916.<\/p>\n<p>Mark W. Skinner, Mark W. Rosenberg, Sarah A. Lovell, James R. Dunn, John C. Everitt, Neil Hanlon, and Thomas A. Rathwell \u201cServices for Seniors in Small Town Canada: The Paradox of Community\u201d <span>Canadian Journal of Nursing Research: <i>Special issue on In-home and Community Care for Seniors<\/i><\/span> Vol. 40 (1) 2008: 80-101.<\/p>\n<p>R.M. Chavez-Dagostino, J.L. Cifuentes-Lemus, E. Andrade-Romo, R. Espinoza-Sanchez, B.H. Massam, and J. Everitt, 2008 \u201cHuellas ecologicas y sustenabilidad en la costa norte de Jalisco, Mexico\u201d <span>Teoria y Praxis<\/span>, Ano 4, Num. 5, 137-144.<\/p>\n<p>Victor Konrad and John Everitt \u201cBorders and \u2018Belongers\u2019: Transnational Identities, Border Security, and Cross-Border Socio-Economic Integration in the United States Borderlands with Canada and the British Virgin Islands\u201d <span>Comparative American Studies<\/span> Special Issue on Comparative Border Studies 9.4 (2011): 288-308.<\/p>\n<p>Enrique P\u00e9rez Campuzano, Carlos Alberto Tello, and John C. Everitt \u201cSpatial Segregation in a Tourist City: The Case of Puerto Vallarta, Mexico\u201d <u>Journal of Latin American Geography<\/u> Vol.13 (3) 2014: 87-112.<a href=\"#top\"><\/p>\n<p style=\"text-align: right\">Back to the top \u2191<\/p>\n<p><\/a><br \/>\n&nbsp;<\/p>\n<p><a name=\"2\"><\/a><\/p>\n<h5>ARTICLES IN EDITED VOLUMES<\/h5>\n<p>John Everitt and Christoph Stadel \u201cForeword\u201d to <span>Manitoba from the Air: A Geographical Interpretation<\/span> <i>an e-book<\/i>. (Brandon: Rural Development Institute) 2008: Chapter 1, <a href=\"http:\/\/mbair.brandonu.ca\/book\/foreword\">http:\/\/mbair.brandonu.ca\/book\/foreword<\/a>.<\/p>\n<p>John C. Lehr, John Everitt and Simon Evans \u201cThe Making of the Prairie Landscape\u201d, in Gregory P. Marchildon ed. <span>Immigration and Settlement, 1870-1939<\/span> (Regina: Canadian Plains Research Center) 2009: 13-56.\u00a0 ISBN 978-0-88977-230-4.<\/p>\n<p>John Everitt \u201cFrom the Krystal to the Azteca: An outsider\u2019s Mexican journey over time and over space\u201d, in Bryan H. Massam and Rodrigo Espinoza Sanchez eds.\u00a0 <span>Memories of \u2013 Memorias de Puerto Vallarta\u00a0 <\/span>(Toronto: Syn y Mor Press): 21-24. ISBN <a href=\"http:\/\/www.collectionscanada.gc.ca\/ciss-ssci\/app\/index.php?fuseaction=logbook.edit&amp;publication=245547&amp;lang=eng\">978-0-9812042-7-7<\/a>.<br \/>\n<a href=\"#top\"><\/p>\n<p style=\"text-align: right\">Back to the top \u2191<\/p>\n<p><\/a><br \/>\n&nbsp;<br \/>\n<a name=\"3\"><\/a><\/p>\n<h5>REPORTS AND MONOGRAPHS<\/h5>\n<p>John Everitt, Bryan H. Massam, Edmundo Andrade Romo, Rosa M. Ch\u00e1vez-Dagostino, Maria del Carmen Cort\u00e9s Lara, Amilcar Cupul-Maga\u00f1a, Rodrigo Espinoza Sanchez, Luis Fernando Gonz\u00e1lez-Guevara, Rafael Garc\u00eda de Quevedo-Machain, Mar\u00eda del Carmen Navarro Rodr\u00edguez, Alma R. Raymundo-Huizar, Laura Gabriela Hern\u00e1ndez Cahou, Jorge Ricardo Ch\u00e1vez Arce, Roberto Hern\u00e1ndez Cahou, Carlos Mungu\u00eda Fragoso 2005 <u>Footprints on Puerto Vallarta: Social Spaces and Environmental Impacts <\/u>Working Paper #2005-12 (Brandon University, Rural Development Institute). November.<\/p>\n<p>Bryan H. Massam, John Everitt, Rosa M. Ch\u00e1vez-Dagostino, Rodrigo Espinoza Sanchez, Edmundo Andrade Romo, February 2007 <u>Holiday in the sun: the impacts of tourism on Puerto Vallarta, Jalisco, Mexico<\/u> Discussion Paper No. 58 (Department of Geography, York University) ISBN 978-1-55014-480-2.<br \/>\n<a href=\"#top\"><\/p>\n<p style=\"text-align: right\">Back to the top \u2191<\/p>\n<p><\/a><\/p>\n","protected":false},"excerpt":{"rendered":"<p>ARTICLES IN JOURNALS ARTICLES IN EDITED VOLUMES REPORTS AND MONOGRAPHS ARTICLES IN JOURNALS R. Douglas Ramsey and John Everitt \u201cTourism as a Development Strategy in Belize, Central America\u201d. Ara: Journal of Tourism Research. 1(1). 2008: 1-14. John Everitt, Bryan H. Massam, Rosa M. Ch\u00e1vez-Dagostino, Rodrigo Espinoza Sanchez, Edmundo Andrade Romo \u201cImprints of Tourism on Puerto [&hellip;]<\/p>\n","protected":false},"author":21,"featured_media":0,"parent":0,"menu_order":0,"comment_status":"closed","ping_status":"closed","template":"","meta":{"footnotes":""},"class_list":["post-27","page","type-page","status-publish","hentry"],"_links":{"self":[{"href":"https:\/\/people.brandonu.ca\/everitt\/wp-json\/wp\/v2\/pages\/27","targetHints":{"allow":["GET"]}}],"collection":[{"href":"https:\/\/people.brandonu.ca\/everitt\/wp-json\/wp\/v2\/pages"}],"about":[{"href":"https:\/\/people.brandonu.ca\/everitt\/wp-json\/wp\/v2\/types\/page"}],"author":[{"embeddable":true,"href":"https:\/\/people.brandonu.ca\/everitt\/wp-json\/wp\/v2\/users\/21"}],"replies":[{"embeddable":true,"href":"https:\/\/people.brandonu.ca\/everitt\/wp-json\/wp\/v2\/comments?post=27"}],"version-history":[{"count":16,"href":"https:\/\/people.brandonu.ca\/everitt\/wp-json\/wp\/v2\/pages\/27\/revisions"}],"predecessor-version":[{"id":63,"href":"https:\/\/people.brandonu.ca\/everitt\/wp-json\/wp\/v2\/pages\/27\/revisions\/63"}],"wp:attachment":[{"href":"https:\/\/people.brandonu.ca\/everitt\/wp-json\/wp\/v2\/media?parent=27"}],"curies":[{"name":"wp","href":"https:\/\/api.w.org\/{rel}","templated":true}]}}