{"id":10,"date":"2023-09-18T10:30:07","date_gmt":"2023-09-18T15:30:07","guid":{"rendered":"https:\/\/people.brandonu.ca\/hetud\/?page_id=10"},"modified":"2026-04-06T17:54:35","modified_gmt":"2026-04-06T22:54:35","slug":"publications","status":"publish","type":"page","link":"https:\/\/people.brandonu.ca\/hetud\/publications\/","title":{"rendered":"Publications"},"content":{"rendered":"<p><strong>Forthcoming\/ \u00c0 para\u00eetre<\/strong><\/p>\n<p><span style=\"text-decoration: underline\">Book Chapter<\/span><\/p>\n[in preparation] \u201cBeyond Cure: Literary Perspectives on Care and Illness,\u201d <em>Narratives of Care<\/em> Edited Collection, Eds. Jack Taylor and Tim Jones, LaTrobe University, Australia.<\/p>\n<p><span style=\"text-decoration: underline\"><strong>Recent publications \/ publications r\u00e9centes<\/strong><\/span><\/p>\n<p><span style=\"text-decoration: underline\">Article<\/span><\/p>\n<p>\u201c\u2018incapable de travailler \u00e0 autre chose\u2019 : Filiation, accompagnement et cr\u00e9ation chez V\u00e9ronique Cyr et Sophie Dora Swan,\u201d <em>Tangence<\/em>, n<sup>o<\/sup> 139, winter 2026, open access, <a href=\"https:\/\/releve.erudit.org\/fr\/revues\/tce\/2025-n139-tce010408\/1121500ar.pdf\">https:\/\/releve.erudit.org\/fr\/revues\/tce\/2025-n139-tce010408\/1121500ar.pdf<\/a><\/p>\n<p><span style=\"text-decoration: underline\">Journal issues<\/span><\/p>\n<p>H\u00e9tu, Dominique, and \u00c9lise Lepage, eds. \u201cLes d\u00e9clinaisons du travail dans la litt\u00e9rature francophone contemporaine,\u201d <em>Tangence,<\/em> no 139, <a href=\"https:\/\/tangence.uqar.ca\/produit\/n-139-les-declinaisons-du-travail-dans-la-production-culturelle-francophone-du-xxie-siecle\/?fbclid=IwY2xjawOIQvdleHRuA2FlbQIxMABicmlkETFvSkUxVnYxb3RFUEc2TWdZc3J0YwZhcHBfaWQQMjIyMDM5MTc4ODIwMDg5MghjYWxsc2l0ZQEyAAEeATgNR8Nas0Q_NlLKuWFfmJWtHVZg0hreeylKR1sK-TF5RA0SzvG4F6wN7C4_aem_lDLtLOX94fugWvwMbM9gJw\">lien URL.<\/a><\/p>\n<p>H\u00e9tu, Dominique, and Eftihia Mihelakis, eds. \u201cRelationnalit\u00e9 langagi\u00e8re et culturelle au Qu\u00e9bec et au Canada\u00a0: nouveaux enjeux esth\u00e9tiques, politiques et \u00e9pist\u00e9mologiques de la cr\u00e9ation et de la traduction litt\u00e9raires,\u201d <em>@nalyses, revue des litt\u00e9ratures franco-canadiennes et qu\u00e9b\u00e9coises<\/em>, issue 19, n<sup>o<\/sup> 2, Dec. 2025, <a href=\"https:\/\/www.erudit.org\/fr\/revues\/analyses\/2025-v19-n2-analyses010664\/?fbclid=IwY2xjawRA6GFleHRuA2FlbQIxMQBzcnRjBmFwcF9pZBAyMjIwMzkxNzg4MjAwODkyAAEeEA_UchsE2s2QsS7GMzv8gBqamJ5uG6FCq0xtmLCNK8GHUmxXBqpnb8sYNTw_aem_qVCc9K2FUJM2nYn9FFP3pQ\">lien URL.<\/a><\/p>\n<p><span style=\"text-decoration: underline\">Books<\/span><\/p>\n<p>H\u00e9tu, Dominique, <em>Faire attention: Forces et \u00e9cueils du care dans la litt\u00e9rature contemporaine au Qu\u00e9bec<\/em>, Montr\u00e9al, Presses de l&#8217;Universit\u00e9 de Montr\u00e9al, 2026 (under review).<\/p>\n<p>H\u00e9tu, Dominique,<a href=\"https:\/\/www.hurlanteseditrices.com\/boutique\/ilnyaurapasdesafetyword\"><em> Il n&#8217;y aura pas de Safety Word<\/em><\/a>, poetry collection, Montr\u00e9al, Hurlantes, March 2025.<\/p>\n<p>H\u00e9tu, Dominique (lead ed.), Amanda Fayant, Libe Garc\u00eda Zarranz, and Marie Carri\u00e8re, eds.\u00a0<em><a href=\"https:\/\/ualbertapress.ca\/9781772127799\/living-and-learning-with-feminist-ethics-literature-and-art\/\">Living and Learning with Feminist Ethics, Literature, and Art<\/a>.<\/em> U of Alberta P, December 2024.<\/p>\n<p><span style=\"text-decoration: underline\">Chapters and articles<\/span><\/p>\n<p>H\u00e9tu, D. \u201c\u2018<a href=\"https:\/\/rdcu.be\/dAerU\">On the Lookout for a Crack\u2019: Disruptive Becomings in Karoline Georges\u2019 <em>Under the Stone<\/em><\/a>,\u201d <em>Journal of Medical Humanities<\/em>, 2024, issue 1, \u201cGlobal Medical Humanities: Exploring the Milieu,\u201d edited by Eftihia Mihelakis and Ariane Hanemaayer, March 2024.<\/p>\n<p>H\u00e9tu, D. \u201c\u2018Rien ne s\u2019ach\u00e8vera aujourd\u2019hui \u00bb : r\u00e9pondre \u00e0 la vieillesse et \u00e0 la maladie dans <em>Une \u00e9charde sous ton ongle<\/em>, de Louise Dupr\u00e9\u201d, Fabula \/ Les colloques, Souci de l\u2019autre, souci de soi et cr\u00e9ation, Pour une litt\u00e9rature du <em>care<\/em>, 2022, <a href=\"http:\/\/www.fabula.org\/colloques\/document8227.php\">http:\/\/www.fabula.org\/colloques\/document8227.php<\/a><\/p>\n<p>H\u00e9tu, D. \u201c<a href=\"https:\/\/www.cairn.info\/revue-a-contrario-2021-1-page-63.htm?contenu=resume\">Penser les lieux du care : fiction, wonder et vies ordinaires<\/a>,\u201d <em>A Contrario<\/em>, \u201cLa lecture, le care et l\u2019\u00e9ducation,\u201d vol. 31, 2021, pp. 63-79.<\/p>\n<p>H\u00e9tu, D. \u201cPratiques du care, politiques de l\u2019hospitalit\u00e9 : L\u2019ordinaire et l\u2019extraordinaire chez Heather O\u2019Neill.\u201d <em>Les \u00e9thiques de l\u2019hospitalit\u00e9, du don et du care : regards crois\u00e9s, actualit\u00e9<\/em>. Eds. Sophie Bourgault, Sophie Cloutier, and St\u00e9phanie Gaudet. U of Ottawa Press, 2020, 157-176.<\/p>\n<p>H\u00e9tu, D., ed. \u201cMod\u00e8les du care et \u00e9criture des femmes\/Models of Care and Women\u2019s Writing.\u201d Journal issue in <em>\u00c9tudes en litt\u00e9rature Canadienne \/ Studies in Canadian Literature<\/em>, vol. 44, no 1, spring\/summer 2019. Open access, <a href=\"https:\/\/www.erudit.org\/fr\/revues\/scl\/2019-v44-n1-scl05054\/\">https:\/\/www.erudit.org\/fr\/revues\/scl\/2019-v44-n1-scl05054\/<\/a><\/p>\n<p>H\u00e9tu, D.\u00a0 \u201c\u2018But the Good Feelings Were There Too\u2019: The Uncertainties of Caring in Adele Wiseman\u2019s Crackpot.\u201d Special Issue \u201cResurfacing: Women\u2019s Writing Across Canada in the 1970s\/Refaire surface: l\u2019\u00e9criture des femmes au Canada dans les ann\u00e9es 1970,\u201d Studies in Canadian Literature \/ \u00c9tudes en litt\u00e9rature Canadienne, vol. 44, no. 2, 2019, 178-196. Open access, <a href=\"https:\/\/www.erudit.org\/en\/journals\/scl\/1900-v1-n1-scl05446\/1070961ar.pdf.\">https:\/\/www.erudit.org\/en\/journals\/scl\/1900-v1-n1-scl05446\/1070961ar.pdf. <\/a><\/p>\n<p>H\u00e9tu, D. \u201c\u2018What a Caring Act\u2019: Geographies of Care and the Posthuman in Canadian Dystopian Fiction.\u201d <em>Comparative Literature for the New Century<\/em>. Eds. Joseph Pivato and Giulia de Gasperi, McGill-Queen\u2019s, 2018, pp. 87-116.<\/p>\n<p>Snauwaert, Ma\u00eft\u00e9, and H\u00e9tu, Dominique, eds. Po\u00e9tiques et imaginaires du care. Journal issue in <em>temps z\u00e9ro<\/em>, vol. 12, winter 2018. Equal authorship. Open access, <a href=\"https:\/\/tempszero.contemporain.info\/document1588.\">https:\/\/tempszero.contemporain.info\/document1588.<\/a><\/p>\n","protected":false},"excerpt":{"rendered":"<p>Forthcoming\/ \u00c0 para\u00eetre Book Chapter [in preparation] \u201cBeyond Cure: Literary Perspectives on Care and Illness,\u201d Narratives of Care Edited Collection, Eds. Jack Taylor and Tim Jones, LaTrobe University, Australia. Recent publications \/ publications r\u00e9centes Article \u201c\u2018incapable de travailler \u00e0 autre chose\u2019 : Filiation, accompagnement et cr\u00e9ation chez V\u00e9ronique Cyr et Sophie Dora Swan,\u201d Tangence, no [&hellip;]<\/p>\n","protected":false},"author":146,"featured_media":0,"parent":0,"menu_order":0,"comment_status":"closed","ping_status":"closed","template":"","meta":{"footnotes":""},"class_list":["post-10","page","type-page","status-publish","hentry"],"_links":{"self":[{"href":"https:\/\/people.brandonu.ca\/hetud\/wp-json\/wp\/v2\/pages\/10","targetHints":{"allow":["GET"]}}],"collection":[{"href":"https:\/\/people.brandonu.ca\/hetud\/wp-json\/wp\/v2\/pages"}],"about":[{"href":"https:\/\/people.brandonu.ca\/hetud\/wp-json\/wp\/v2\/types\/page"}],"author":[{"embeddable":true,"href":"https:\/\/people.brandonu.ca\/hetud\/wp-json\/wp\/v2\/users\/146"}],"replies":[{"embeddable":true,"href":"https:\/\/people.brandonu.ca\/hetud\/wp-json\/wp\/v2\/comments?post=10"}],"version-history":[{"count":15,"href":"https:\/\/people.brandonu.ca\/hetud\/wp-json\/wp\/v2\/pages\/10\/revisions"}],"predecessor-version":[{"id":76,"href":"https:\/\/people.brandonu.ca\/hetud\/wp-json\/wp\/v2\/pages\/10\/revisions\/76"}],"wp:attachment":[{"href":"https:\/\/people.brandonu.ca\/hetud\/wp-json\/wp\/v2\/media?parent=10"}],"curies":[{"name":"wp","href":"https:\/\/api.w.org\/{rel}","templated":true}]}}