{"id":18,"date":"2024-04-24T13:27:30","date_gmt":"2024-04-24T18:27:30","guid":{"rendered":"https:\/\/people.brandonu.ca\/hetud\/?page_id=18"},"modified":"2025-05-29T13:56:13","modified_gmt":"2025-05-29T18:56:13","slug":"teaching","status":"publish","type":"page","link":"https:\/\/people.brandonu.ca\/hetud\/teaching\/","title":{"rendered":"Teaching"},"content":{"rendered":"<p>I have been teaching undergraduate courses since 2008 and have acquired significant experience teaching literary and cultural studies as well as the French language and second-language acquisition in a minority setting. I have taught those topics as well as advanced research skills at Universit\u00e9 de Sherbrooke (2008-2016); comparative literature at Universit\u00e9 de Montr\u00e9al (2014); Canadian, Qu\u00e9b\u00e9cois, and French literature as well as French language at the University of Alberta (2017-2020); and Qu\u00e9bec and French literature courses and French language courses at Athabasca University (2018-2020).<\/p>\n<p>Over those thirteen years, I have developed a pedagogical approach focused on student-centered, inclusive, and accessible teaching, learning, and assessing practices that foster good relations. As such, I have forged a strong commitment to engaging with transcultural and transnational content that speaks to the necessity of considering a variety of gender, race, and class-based perspectives across historical periods, spaces, and forms.<\/p>\n<p><strong>Some of the courses I taught:\u00a0<\/strong><\/p>\n<img loading=\"lazy\" decoding=\"async\" src=\"https:\/\/people.brandonu.ca\/hetud\/files\/2024\/04\/literature-and-rurality-in-french-and-francophone-societies-in-english-translation-225x300.png\" alt=\"\" width=\"225\" height=\"300\" class=\"size-medium wp-image-23 alignleft\" srcset=\"https:\/\/people.brandonu.ca\/hetud\/files\/2024\/04\/literature-and-rurality-in-french-and-francophone-societies-in-english-translation-225x300.png 225w, https:\/\/people.brandonu.ca\/hetud\/files\/2024\/04\/literature-and-rurality-in-french-and-francophone-societies-in-english-translation-768x1024.png 768w, https:\/\/people.brandonu.ca\/hetud\/files\/2024\/04\/literature-and-rurality-in-french-and-francophone-societies-in-english-translation-1152x1536.png 1152w, https:\/\/people.brandonu.ca\/hetud\/files\/2024\/04\/literature-and-rurality-in-french-and-francophone-societies-in-english-translation-1536x2048.png 1536w, https:\/\/people.brandonu.ca\/hetud\/files\/2024\/04\/literature-and-rurality-in-french-and-francophone-societies-in-english-translation-640x853.png 640w, https:\/\/people.brandonu.ca\/hetud\/files\/2024\/04\/literature-and-rurality-in-french-and-francophone-societies-in-english-translation.png 1728w\" sizes=\"auto, (max-width: 225px) 100vw, 225px\" \/>\n<img loading=\"lazy\" decoding=\"async\" src=\"https:\/\/people.brandonu.ca\/hetud\/files\/2024\/04\/FRENCH-FOR-THE-WORKPLACE-1-225x300.png\" alt=\"\" width=\"225\" height=\"300\" class=\"alignnone size-medium wp-image-24\" srcset=\"https:\/\/people.brandonu.ca\/hetud\/files\/2024\/04\/FRENCH-FOR-THE-WORKPLACE-1-225x300.png 225w, https:\/\/people.brandonu.ca\/hetud\/files\/2024\/04\/FRENCH-FOR-THE-WORKPLACE-1-768x1024.png 768w, https:\/\/people.brandonu.ca\/hetud\/files\/2024\/04\/FRENCH-FOR-THE-WORKPLACE-1-1152x1536.png 1152w, https:\/\/people.brandonu.ca\/hetud\/files\/2024\/04\/FRENCH-FOR-THE-WORKPLACE-1-1536x2048.png 1536w, https:\/\/people.brandonu.ca\/hetud\/files\/2024\/04\/FRENCH-FOR-THE-WORKPLACE-1-640x853.png 640w, https:\/\/people.brandonu.ca\/hetud\/files\/2024\/04\/FRENCH-FOR-THE-WORKPLACE-1.png 1728w\" sizes=\"auto, (max-width: 225px) 100vw, 225px\" \/> <img loading=\"lazy\" decoding=\"async\" src=\"https:\/\/people.brandonu.ca\/hetud\/files\/2024\/04\/FREN-254-FRENCH-GRAMMAR-AND-COMPOSITION-225x300.png\" alt=\"\" width=\"225\" height=\"300\" class=\"alignnone size-medium wp-image-25\" srcset=\"https:\/\/people.brandonu.ca\/hetud\/files\/2024\/04\/FREN-254-FRENCH-GRAMMAR-AND-COMPOSITION-225x300.png 225w, https:\/\/people.brandonu.ca\/hetud\/files\/2024\/04\/FREN-254-FRENCH-GRAMMAR-AND-COMPOSITION-768x1024.png 768w, https:\/\/people.brandonu.ca\/hetud\/files\/2024\/04\/FREN-254-FRENCH-GRAMMAR-AND-COMPOSITION-1152x1536.png 1152w, https:\/\/people.brandonu.ca\/hetud\/files\/2024\/04\/FREN-254-FRENCH-GRAMMAR-AND-COMPOSITION-1536x2048.png 1536w, https:\/\/people.brandonu.ca\/hetud\/files\/2024\/04\/FREN-254-FRENCH-GRAMMAR-AND-COMPOSITION-640x853.png 640w, https:\/\/people.brandonu.ca\/hetud\/files\/2024\/04\/FREN-254-FRENCH-GRAMMAR-AND-COMPOSITION.png 1728w\" sizes=\"auto, (max-width: 225px) 100vw, 225px\" \/>\n<img loading=\"lazy\" decoding=\"async\" src=\"https:\/\/people.brandonu.ca\/hetud\/files\/2024\/04\/FREN-277-childrens-literature-225x300.png\" alt=\"\" width=\"225\" height=\"300\" class=\"size-medium wp-image-26 alignleft\" srcset=\"https:\/\/people.brandonu.ca\/hetud\/files\/2024\/04\/FREN-277-childrens-literature-225x300.png 225w, https:\/\/people.brandonu.ca\/hetud\/files\/2024\/04\/FREN-277-childrens-literature-768x1024.png 768w, https:\/\/people.brandonu.ca\/hetud\/files\/2024\/04\/FREN-277-childrens-literature-1152x1536.png 1152w, https:\/\/people.brandonu.ca\/hetud\/files\/2024\/04\/FREN-277-childrens-literature-1536x2048.png 1536w, https:\/\/people.brandonu.ca\/hetud\/files\/2024\/04\/FREN-277-childrens-literature-640x853.png 640w, https:\/\/people.brandonu.ca\/hetud\/files\/2024\/04\/FREN-277-childrens-literature.png 1728w\" sizes=\"auto, (max-width: 225px) 100vw, 225px\" \/>\n<img loading=\"lazy\" decoding=\"async\" src=\"https:\/\/people.brandonu.ca\/hetud\/files\/2024\/04\/FREN-155-225x300.png\" alt=\"\" width=\"225\" height=\"300\" class=\"alignnone size-medium wp-image-27\" srcset=\"https:\/\/people.brandonu.ca\/hetud\/files\/2024\/04\/FREN-155-225x300.png 225w, https:\/\/people.brandonu.ca\/hetud\/files\/2024\/04\/FREN-155-768x1024.png 768w, https:\/\/people.brandonu.ca\/hetud\/files\/2024\/04\/FREN-155-1152x1536.png 1152w, https:\/\/people.brandonu.ca\/hetud\/files\/2024\/04\/FREN-155-1536x2048.png 1536w, https:\/\/people.brandonu.ca\/hetud\/files\/2024\/04\/FREN-155-640x853.png 640w, https:\/\/people.brandonu.ca\/hetud\/files\/2024\/04\/FREN-155.png 1728w\" sizes=\"auto, (max-width: 225px) 100vw, 225px\" \/><img loading=\"lazy\" decoding=\"async\" src=\"https:\/\/people.brandonu.ca\/hetud\/files\/2025\/05\/FREN-264-poster-211x300.png\" alt=\"\" width=\"211\" height=\"300\" class=\"size-medium wp-image-56 alignleft\" srcset=\"https:\/\/people.brandonu.ca\/hetud\/files\/2025\/05\/FREN-264-poster-211x300.png 211w, https:\/\/people.brandonu.ca\/hetud\/files\/2025\/05\/FREN-264-poster.png 452w\" sizes=\"auto, (max-width: 211px) 100vw, 211px\" \/>\n","protected":false},"excerpt":{"rendered":"<p>I have been teaching undergraduate courses since 2008 and have acquired significant experience teaching literary and cultural studies as well as the French language and second-language acquisition in a minority setting. I have taught those topics as well as advanced research skills at Universit\u00e9 de Sherbrooke (2008-2016); comparative literature at Universit\u00e9 de Montr\u00e9al (2014); Canadian, [&hellip;]<\/p>\n","protected":false},"author":146,"featured_media":0,"parent":0,"menu_order":0,"comment_status":"closed","ping_status":"closed","template":"","meta":{"footnotes":""},"class_list":["post-18","page","type-page","status-publish","hentry"],"_links":{"self":[{"href":"https:\/\/people.brandonu.ca\/hetud\/wp-json\/wp\/v2\/pages\/18","targetHints":{"allow":["GET"]}}],"collection":[{"href":"https:\/\/people.brandonu.ca\/hetud\/wp-json\/wp\/v2\/pages"}],"about":[{"href":"https:\/\/people.brandonu.ca\/hetud\/wp-json\/wp\/v2\/types\/page"}],"author":[{"embeddable":true,"href":"https:\/\/people.brandonu.ca\/hetud\/wp-json\/wp\/v2\/users\/146"}],"replies":[{"embeddable":true,"href":"https:\/\/people.brandonu.ca\/hetud\/wp-json\/wp\/v2\/comments?post=18"}],"version-history":[{"count":4,"href":"https:\/\/people.brandonu.ca\/hetud\/wp-json\/wp\/v2\/pages\/18\/revisions"}],"predecessor-version":[{"id":58,"href":"https:\/\/people.brandonu.ca\/hetud\/wp-json\/wp\/v2\/pages\/18\/revisions\/58"}],"wp:attachment":[{"href":"https:\/\/people.brandonu.ca\/hetud\/wp-json\/wp\/v2\/media?parent=18"}],"curies":[{"name":"wp","href":"https:\/\/api.w.org\/{rel}","templated":true}]}}