{"id":43,"date":"2025-04-16T12:16:16","date_gmt":"2025-04-16T17:16:16","guid":{"rendered":"https:\/\/people.brandonu.ca\/hetud\/?page_id=43"},"modified":"2026-04-06T14:25:14","modified_gmt":"2026-04-06T19:25:14","slug":"media","status":"publish","type":"page","link":"https:\/\/people.brandonu.ca\/hetud\/media\/","title":{"rendered":"Media"},"content":{"rendered":"<p><strong>Comptes rendus \/ book reviews\u00a0<\/strong><\/p>\n<ol>\n<li><a href=\"https:\/\/periodicityjournal.blogspot.com\/2026\/01\/jerome-melancon-il-ny-aura-pas-de.html?fbclid=IwY2xjawRA5e5leHRuA2FlbQIxMQBzcnRjBmFwcF9pZBAyMjIwMzkxNzg4MjAwODkyAAEeg14meinD6KXezgeWJdWjgw_MQcHYs3MOPj7FRbLp1UCRVOH8e2eY7q6R-_g_aem_lnYht5h2txeH8utU6KKhow\">periodicities : a journal of poetry and poetics: J\u00e9r\u00f4me Melan\u00e7on : Il n\u2019y aura pas de safety word, by Dominique H\u00e9tu<\/a><\/li>\n<li><a href=\"https:\/\/www.ledevoir.com\/lire\/901486\/notre-selection-poesie-mois-juillet\">Notre s\u00e9lection po\u00e9sie du mois de juillet | Le Devoir<\/a><\/li>\n<\/ol>\n<p><strong>Interviews \/ entrevues<\/strong><\/p>\n<p>Entrevue \u00e0 l&#8217;\u00e9mission &#8220;Libraire de force&#8221; le jeudi 20 mars 2025: <a href=\"https:\/\/baladoquebec.ca\/cibl-101-5-fm-libraire-de-force\/libraire-de-force-03202025-1800?fbclid=IwY2xjawJsxK5leHRuA2FlbQIxMQABHu_ewfr1GEQ33-qRduv_aDUkbe0HfrDn3taiQzVaV0YEC2tBXkVr92k8LLel_aem_n0KmZ9W6m63jNNKpeEAVng\">ici<\/a><\/p>\n<p>Entrevue \u00e0 l&#8217;\u00e9mission Cultures et Confitures, Radio-Canada Colombie Britannique:<a href=\"https:\/\/ici.radio-canada.ca\/ohdio\/premiere\/emissions\/culture-et-confiture\/segments\/rattrapage\/2299160\/poesie-coup-poing-dominique-hetu\"> ici\u00a0<\/a><\/p>\n<p><strong>M\u00e9dias Sociaux<\/strong><\/p>\n<p>Revue <em>Lettres Qu\u00e9b\u00e9coises<\/em> : <a href=\"https:\/\/www.facebook.com\/share\/p\/1G3Yrncu9F\/\">ici\u00a0<\/a><\/p>\n<p><strong>Website<\/strong><\/p>\n<p><a href=\"https:\/\/www.dominiquehetu.ca\/\">www.dominiquehetu.ca<\/a><\/p>\n","protected":false},"excerpt":{"rendered":"<p>Comptes rendus \/ book reviews\u00a0 periodicities : a journal of poetry and poetics: J\u00e9r\u00f4me Melan\u00e7on : Il n\u2019y aura pas de safety word, by Dominique H\u00e9tu Notre s\u00e9lection po\u00e9sie du mois de juillet | Le Devoir Interviews \/ entrevues Entrevue \u00e0 l&#8217;\u00e9mission &#8220;Libraire de force&#8221; le jeudi 20 mars 2025: ici Entrevue \u00e0 l&#8217;\u00e9mission Cultures [&hellip;]<\/p>\n","protected":false},"author":146,"featured_media":0,"parent":0,"menu_order":0,"comment_status":"closed","ping_status":"closed","template":"","meta":{"footnotes":""},"class_list":["post-43","page","type-page","status-publish","hentry"],"_links":{"self":[{"href":"https:\/\/people.brandonu.ca\/hetud\/wp-json\/wp\/v2\/pages\/43","targetHints":{"allow":["GET"]}}],"collection":[{"href":"https:\/\/people.brandonu.ca\/hetud\/wp-json\/wp\/v2\/pages"}],"about":[{"href":"https:\/\/people.brandonu.ca\/hetud\/wp-json\/wp\/v2\/types\/page"}],"author":[{"embeddable":true,"href":"https:\/\/people.brandonu.ca\/hetud\/wp-json\/wp\/v2\/users\/146"}],"replies":[{"embeddable":true,"href":"https:\/\/people.brandonu.ca\/hetud\/wp-json\/wp\/v2\/comments?post=43"}],"version-history":[{"count":7,"href":"https:\/\/people.brandonu.ca\/hetud\/wp-json\/wp\/v2\/pages\/43\/revisions"}],"predecessor-version":[{"id":75,"href":"https:\/\/people.brandonu.ca\/hetud\/wp-json\/wp\/v2\/pages\/43\/revisions\/75"}],"wp:attachment":[{"href":"https:\/\/people.brandonu.ca\/hetud\/wp-json\/wp\/v2\/media?parent=43"}],"curies":[{"name":"wp","href":"https:\/\/api.w.org\/{rel}","templated":true}]}}