{"id":2,"date":"2014-01-10T15:04:25","date_gmt":"2014-01-10T21:04:25","guid":{"rendered":"http:\/\/people.brandonu.ca\/hintherr\/?page_id=2"},"modified":"2024-10-04T14:20:06","modified_gmt":"2024-10-04T19:20:06","slug":"sample-page","status":"publish","type":"page","link":"https:\/\/people.brandonu.ca\/hintherr\/","title":{"rendered":"Rhonda L. Hinther"},"content":{"rendered":"<p>B.A., M.A. (Winnipeg), Ph.D. (McMaster)<\/p>\n<p><strong>Professor<\/strong><\/p>\n<p>&#104;&#x69;&#110;&#x74;&#104;&#x65;&#114;&#x72;&#64;&#x62;&#114;&#x61;n&#x64;o&#x6e;u&#x2e;c&#x61;<\/p>\n<h2>Research Interests:<\/h2>\n<ul>\n<li>Oral History, Gender and Women&#8217;s History, Labour History and Radicalism, Ethnicity and Children&#8217;s History; History of Internment<\/li>\n<\/ul>\n<h2>Teaching Interests:<\/h2>\n<ul>\n<li>Public History, History of Western Canada, Gender and Women&#8217;s History<\/li>\n<\/ul>\n<h2>Publications:<\/h2>\n<div class=\"csl-bib-body\">\n<ul>\n<li><a href=\"https:\/\/uofmpress.ca\/books\/detail\/for-a-better-world\">For a Better World: The Winnipeg General Strike and the Workers\u2019 Revolt<\/a>. Jim Naylor, Rhonda L. Hinther and Jim Mochoruk, eds. Winnipeg: University of Manitoba Press, 2022.<\/li>\n<li>Jim Naylor, Rhonda L. Hinther, and Jim Mochoruk, \u201cIntroduction,\u201d \u201cCh 1 \u201cStrike or Revolution\u201d Redux: The Historiography of the Winnipeg General Strike,\u201d and \u201cThe Winnipeg General Strike in the Twenty-First Century\u201d in <a href=\"https:\/\/uofmpress.ca\/books\/detail\/for-a-better-world\"><span class=\"s1\">For a Better World: The Winnipeg General Strike and the Workers\u2019 Revolt<\/span><\/a>. Jim Naylor, Rhonda L. Hinther and Jim Mochoruk, eds. Winnipeg: University of Manitoba Press, 2022.<\/li>\n<li><a href=\"https:\/\/uofmpress.ca\/books\/detail\/civilian-internment-in-canada\"><i>Civilian Internment in Canada<\/i><\/a>. Rhonda L. Hinther and Jim Mochoruk, eds. Winnipeg: University of Manitoba Press, 2020.<\/li>\n<li>&#8220;&#8216;Likely to Be Hampered and So She Prepared for the Worst&#8217;: Far Left Women and Political Incarceration during the Second World War&#8221; in <a href=\"https:\/\/uofmpress.ca\/books\/detail\/civilian-internment-in-canada\"><i>Civilian Internment in Canada<\/i><\/a>. Rhonda L. Hinther and Jim Mochoruk, eds. Winnipeg: University of Manitoba Press, 2020.<\/li>\n<li class=\"csl-entry\"><em><a href=\"http:\/\/www.utppublishing.com\/Perogies-and-Politics-Canada-s-Ukrainian-Left-1891-1991.html\">Perogies and Politics: Canada\u2019s Ukrainian Left, 1891-1991<\/a>. <\/em>Toronto: University of Toronto Press, 2018.<\/li>\n<li class=\"csl-entry\">Heather Bidzinski, Jodi Giesbrecht, Rhonda L. Hinther, and Sharon Reilly, \u201cBuilding the Oral History Program at the Canadian Museum for Human Rights.\u201d <em>Oral History\/Forum d\u2019histoire <\/em><em>orale,<\/em> 37 (2017).<\/li>\n<li class=\"csl-entry\">\u00ab\u00a0L\u2019\u00e9valuation formative au Mus\u00e9e Canadien pour les droits de la personne.\u00a0\u00bb Daignault,\u00a0L., B. Schiele, dir.\u00a0<em>Les mus\u00e9es et leurs publics : Savoirs et Enjeux<\/em>, Qu\u00e9bec, Presses de l&#8217;Universit\u00e9 du Qu\u00e9bec, 2014. (Co-authored article)<\/li>\n<li class=\"csl-entry\"><a href=\"http:\/\/www.utppublishing.com\/Re-Imagining-Ukrainian-Canadians-History-Politics-and-Identity.html\"><em>Re-imagining Ukrainian Canadians: History, Politics, and Identity.<\/em><\/a> Rhonda L. Hinther and Jim Mochoruk, eds., Toronto: University of Toronto Press, 2011.<\/li>\n<li class=\"csl-entry\">&#8220;Generation Gap: Canada&#8217;s Postwar Ukrainian Left,&#8221; in <a href=\"http:\/\/www.utppublishing.com\/Re-Imagining-Ukrainian-Canadians-History-Politics-and-Identity.html\"><em>Re-imagining Ukrainian Canadians: History, Politics, and Identity<\/em><\/a>, Rhonda L. Hinther and Jim Mochoruk, eds., Toronto: University of Toronto Press, 2011.<\/li>\n<li class=\"csl-entry\">&#8220;<a href=\"https:\/\/www.lltjournal.ca\/index.php\/llt\/article\/view\/5508\/6372\">Raised in the Spirit of the Class Struggle: Children, Youth, and the Interwar Ukrainian Left in Canada<\/a>,&#8221;<em> Labour\/Le Travail<\/em>, no. 60 (2007): 43-76.<\/li>\n<li class=\"csl-entry\">\u201c&#8217;They Said the Course Would Be Wasted On Me Because I Was A Girl&#8217;: Mothers, Daughters, and Shifting Forms Of Female Activism in the Ukrainian Left in Twentieth-Century Canada,&#8221; <em>Atlantis<\/em> 32, no. 1 (2007): 100-110.<\/li>\n<li class=\"csl-entry\">\u201c<a href=\"https:\/\/mhs.mb.ca\/docs\/mb_history\/41\/oldestprofession.shtml\">The Oldest Profession in Winnipeg: The Culture of Prostitution in the Point Douglas Segregated District, 1909-1912<\/a>,&#8221; <em>Manitoba History<\/em>, no 41 (2001): 2-13.<\/li>\n<\/ul>\n<\/div>\n<ul><\/ul>\n<h2>Works in Progress<\/h2>\n<ul>\n<li>&#8220;Representing Sex Worker Histories in North American Brothel Museums&#8221;<\/li>\n<li>&#8220;&#8216;Thoroughly impregnated with Bolshevik philosophy\u2026and being a capable organizer\u2019: Annie Buller\u2019s WWII Incarceration and Almost Internment\u201d (forthcoming,\u00a0<em>Labour\/le travail,\u00a0<\/em>Fall 2024)<\/li>\n<li><em>Love in the Time of Internment: One Anti-Fascist Extended Family&#8217;s Experience in WWII Canada<\/em><\/li>\n<\/ul>\n<h2>Courses Taught:<\/h2>\n<p>54.155 \u00a0 Canada to Confederation<br \/>\n54.156 \u00a0 Canada Since Confederation<br \/>\n54.250\u00a0 Introduction to Public History<br \/>\n54.271 \u00a0 History of the Canadian West since 1885<br \/>\n54.351 \u00a0 Museums<br \/>\n54.365\u00a0 Canada: WWII to the Present<br \/>\n54.371 \u00a0 Oral History<br \/>\n54.389\u00a0 Comparative Social History<br \/>\n54.441 \u00a0 History of Sexuality in Canada<br \/>\n54.499\u00a0 Topics in History<\/p>\n","protected":false},"excerpt":{"rendered":"<p>B.A., M.A. (Winnipeg), Ph.D. (McMaster) Professor &#104;&#x69;n&#116;&#x68;e&#114;&#x72;&#64;&#98;&#x72;a&#110;&#x64;&#111;&#x6e;&#x75;&#46;&#x63;&#x61; Research Interests: Oral History, Gender and Women&#8217;s History, Labour History and Radicalism, Ethnicity and Children&#8217;s History; History of Internment Teaching Interests: Public History, History of Western Canada, Gender and Women&#8217;s History Publications: For a Better World: The Winnipeg General Strike and the Workers\u2019 Revolt. Jim Naylor, Rhonda L. [&hellip;]<\/p>\n","protected":false},"author":3,"featured_media":0,"parent":0,"menu_order":0,"comment_status":"closed","ping_status":"open","template":"","meta":{"footnotes":""},"class_list":["post-2","page","type-page","status-publish","hentry"],"_links":{"self":[{"href":"https:\/\/people.brandonu.ca\/hintherr\/wp-json\/wp\/v2\/pages\/2","targetHints":{"allow":["GET"]}}],"collection":[{"href":"https:\/\/people.brandonu.ca\/hintherr\/wp-json\/wp\/v2\/pages"}],"about":[{"href":"https:\/\/people.brandonu.ca\/hintherr\/wp-json\/wp\/v2\/types\/page"}],"author":[{"embeddable":true,"href":"https:\/\/people.brandonu.ca\/hintherr\/wp-json\/wp\/v2\/users\/3"}],"replies":[{"embeddable":true,"href":"https:\/\/people.brandonu.ca\/hintherr\/wp-json\/wp\/v2\/comments?post=2"}],"version-history":[{"count":20,"href":"https:\/\/people.brandonu.ca\/hintherr\/wp-json\/wp\/v2\/pages\/2\/revisions"}],"predecessor-version":[{"id":32,"href":"https:\/\/people.brandonu.ca\/hintherr\/wp-json\/wp\/v2\/pages\/2\/revisions\/32"}],"wp:attachment":[{"href":"https:\/\/people.brandonu.ca\/hintherr\/wp-json\/wp\/v2\/media?parent=2"}],"curies":[{"name":"wp","href":"https:\/\/api.w.org\/{rel}","templated":true}]}}