{"id":30,"date":"2023-10-23T15:52:33","date_gmt":"2023-10-23T20:52:33","guid":{"rendered":"https:\/\/people.brandonu.ca\/limongir\/?page_id=30"},"modified":"2026-02-27T16:22:03","modified_gmt":"2026-02-27T22:22:03","slug":"publications","status":"publish","type":"page","link":"https:\/\/people.brandonu.ca\/limongir\/home\/publications\/","title":{"rendered":"Publications"},"content":{"rendered":"<p><strong>Publications<\/strong><\/p>\n<p>* Undergraduate, ** graduate\/postdoctoral trainee under my supervision when the study was conducted; <strong><sup>\u0398<\/sup><\/strong> co-first author or equal contribution.<\/p>\n<ol>\n<li>Skelton, A.B*., De Vries, L. A*., Silva, A. M., &amp; <strong>Limongi, R<\/strong> (2026). Writing through Sympathetic Arousal: A Perceptual Active Inference Model on the Effects of Sympathetic Arousal Interoception on Written and Spoken Grammatical Complexity\u00a0 Proceedings of the 6th International Workshop on Active Inference. <a href=\"https:\/\/link.springer.com\/book\/9783032169549\">Active Inference: 6th International Workshop, IWAI 2025, Montreal, QC, Canada, October 15\u201317, 2025, Revised Selected Papers | Springer Nature Link<\/a><\/li>\n<li><strong>Limongi, R<\/strong>., Oguntoye, O*., &amp; Silva, A. (2025). Perceptual (Static) Active Inference Approach to the Superior Production Effect of Speaking over Writing: An Experiment and Computational Model Report. Preprints. <a href=\"https:\/\/www.preprints.org\/manuscript\/202512.1253\">https:\/\/doi.org\/10.20944\/preprints202512.1253.v1<\/a><\/li>\n<li><span><strong>Limongi, R<\/strong>., Skelton, A. B*., Tzianas, L. H*., &amp; Silva, A. M. (2024). Increasing the Construct Validity of Computational Phenotypes of Mental Illness Through Active Inference and Brain Imaging. <\/span><em>Brain Sciences<\/em><span>,\u00a0<\/span><em>14<\/em><span>(12), 1278. <a href=\"https:\/\/www.mdpi.com\/2076-3425\/14\/12\/1278#\">https:\/\/doi.org\/10.3390\/brainsci14121278<\/a><\/span><\/li>\n<li><strong>Limongi, R.,<\/strong> Silva, A. M, Mackinley, M*., Ford, S., &amp; Palaniyappan L. (2023). Active Inference, Epistemic Value, and Uncertainty in Conceptual Disorganization in First-Episode Schizophrenia, <em>Schizophrenia Bulletin<\/em>, Volume 49, Issue Supplement_2, March 2023, Pages S115\u2013S124,\u00a0<span><a href=\"https:\/\/doi.org\/10.1093\/schbul\/sbac125\">https:\/\/doi.org\/10.1093\/schbul\/sbac125<\/a><\/span><\/li>\n<li>MacKinley, M*.,<strong>Limongi R.,<\/strong> Silva, A., Richard, J., Subramanian, P., Ganjavi, H., Palaniyappan, L. (2023). More than Words: Speech Production in First Episode Psychosis predicts Later Social and Vocational Functioning. <em>Frontiers in Psychiatry<\/em>, 14, 1144281. <span><a href=\"https:\/\/doi.org\/10.3389\/fpsyt.2023.1144281\">https:\/\/doi.org\/10.3389\/fpsyt.2023.1144281<\/a><\/span><\/li>\n<li>Silva, A. M<strong><sup> \u0398<\/sup><\/strong>., <strong>Limongi, R<\/strong><strong><sup> \u0398<\/sup><\/strong>., MacKinley, M*., Ford S. D., S\u00e1nchez**, M. F., &amp; Palaniyappan, L. (2022). Syntactic complexity of spoken language in the diagnosis of schizophrenia: A probabilistic Bayes network model. Schizophrenia research, S0920-9964(22)00245-6. Advance online publication. <span><a href=\"https:\/\/doi.org\/10.1016\/j.schres.2022.06.01\">https:\/\/doi.org\/10.1016\/j.schres.2022.06.01<\/a><\/span><\/li>\n<li>Alonso-S\u00e1nchez, M. F<strong><sup> \u0398 **<\/sup><\/strong>., <strong>Limongi, R<sup> \u0398<\/sup><\/strong>., Gati, J., &amp; Palaniyappan L. (2022). Language network self-inhibition and semantic similarity in first-episode schizophrenia: A computational-linguistic and effective connectivity approach. <em>Schizophrenia Research<\/em>. S0920-9964(22)00160-8. Advance online publication. <span><a href=\"https:\/\/doi.org\/10.1016\/j.schres.2022.04.007\">https:\/\/doi.org\/10.1016\/j.schres.2022.04.007<\/a><\/span><\/li>\n<li>Alonso-S\u00e1nchez, M. F**., Ford, S. D., MacKinley, M., Silva, A., <strong>Limongi, R<\/strong>., &amp; Palaniyappan, L. (2022). Progressive changes in descriptive discourse in first episode schizophrenia: A longitudinal computational semantics study. <em>Schizophrenia<\/em>,\u00a0<em>8<\/em>,\u00a036. <span><a href=\"https:\/\/doi.org\/10.1038\/s41537-022-00246-8\">https:\/\/doi.org\/10.1038\/s41537-022-00246-8<\/a><\/span><\/li>\n<li><strong>Limongi, R<\/strong>., Jeon, P., Th\u00e9berge, J., &amp; Palaniyappan, L. (2021). Counteracting effects of glutathione on the glutamate-driven excitation\/inhibition imbalance in first-episode schizophrenia: A 7T MRS and dynamic causal modeling study. <em>Antioxidants<\/em>, <em>10<\/em>(1), 75.<span><a href=\"https:\/\/doi.org\/10.3390\/antiox10010075\">https:\/\/doi.org\/10.3390\/antiox10010075<\/a><\/span><\/li>\n<li><span> <\/span><strong>Limongi, R<\/strong>., Mackinley, M., Dempster, K., Khan, A. R., Gati, J. S., &amp; Palaniyappan, L. (2021). Frontal-striatal connectivity and positive symptoms of schizophrenia: Implications for the mechanistic basis of prefrontal rTMS. <em>European Archives of Psychiatry and Clinical Neuroscience<\/em>, <em>271<\/em>(1), 3\u201315. <span><a href=\"https:\/\/link.springer.com\/article\/10.1007\/s00406-020-01163-6\">https:\/\/link.springer.com\/article\/10.1007\/s00406-020-01163-6<\/a><\/span><\/li>\n<li>Jeon, P., <strong>Limongi, R<\/strong>., Ford, S. D., Branco, C., Mackinley, M., Gupta, M., Powe, L., Th\u00e9berge, J., &amp; Palaniyappan, L. (2021). Glutathione as a molecular marker of functional impairment in patients with at-risk mental state: 7-Tesla 1H-MRS Study. <em>Brain Sciences, 11<\/em>(7), 941. <span><a href=\"https:\/\/doi.org\/10.3390\/brainsci11070941\">https:\/\/doi.org\/10.3390\/brainsci11070941<\/a><\/span><\/li>\n<li>Jeon, P., <strong>Limongi, R<\/strong>., Ford, S. D., Mackinley, M., Dempster, K., Th\u00e9berge, J., &amp; Palaniyappan, L. (2021). Progressive changes in glutamate concentration in early stages of schizophrenia: A longitudinal 7-tesla MRS study. <em>Schizophrenia Bulletin Open<\/em>, <em>2<\/em>(1). <span><a href=\"https:\/\/doi.org\/10.1093\/schizbullopen\/sgaa072\">https:\/\/doi.org\/10.1093\/schizbullopen\/sgaa072<\/a><\/span><\/li>\n<li><span> <\/span>Silva, A<strong><sup>\u0398<\/sup><\/strong>., <strong>Limongi, R<\/strong><strong><sup> \u0398<\/sup><\/strong><strong>.,<\/strong> MacKinley, M., &amp; Palaniyappan, L. (2021). Small words that matter: Linguistic style and conceptual disorganisation in untreated first-episode schizophrenia. <em>Schizophrenia Bulletin Open<\/em>, <em>2<\/em>(1). <span><a href=\"https:\/\/doi.org\/10.1093\/schizbullopen\/sgab010\">https:\/\/doi.org\/10.1093\/schizbullopen\/sgab010<\/a><\/span><\/li>\n<li>Palaniyappan, L., Park, M.T.M., Jeon, P., <strong>Limongi, R<\/strong>., Yang, K., Sawa, A., &amp; Th\u00e9berge, J. (2021). Is there a glutathione centered redox dysregulation subtype of schizophrenia? <em>Antioxidants<\/em>, <em>10<\/em>(11), 1703. <span><a href=\"https:\/\/doi.org\/10.3390\/antiox10111703\">https:\/\/doi.org\/10.3390\/antiox10111703<\/a><\/span><\/li>\n<li><strong>Limongi, R<\/strong>., Jeon, P., Mackinley, M., Das, T., Dempster, K., Th\u00e9berge, J., Bartha, R., Wong, D. &amp; Palaniyappan, L. (2020). Glutamate and dysconnection in the salience network: Neurochemical, effective connectivity, and computational evidence in schizophrenia. <em>Biological Psychiatry<\/em>, <em>88<\/em>(3), 273\u2013281. <span><a href=\"https:\/\/doi.org\/10.1016\/j.biopsych.2020.01.021\">https:\/\/doi.org\/10.1016\/j.biopsych.2020.01.021<\/a><\/span><\/li>\n<li>Pan, Y., Pu, W., Chen, X., Huang, X., Cai, Y., Tao, H., Xue, Z., Mackinley, M., <strong>Limongi, R<\/strong>., Liu, Z., &amp; Palaniyappan, L. (2020). Morphological profiling of schizophrenia: Cluster analysis of MRI-based cortical thickness data. <em>Schizophrenia Bulletin<\/em>, <em>46<\/em>(3), 623\u2013632. <span><a href=\"https:\/\/doi.org\/10.1093\/schbul\/sbz112\">https:\/\/doi.org\/10.1093\/schbul\/sbz112<\/a><\/span><\/li>\n<li><span> <\/span>Silva, A. M**.,<strong><sup>\u0398<\/sup><\/strong> &amp; <strong>Limongi, R.<sup>\u0398<\/sup><\/strong> (2019). Writing to learn increases long-term memory consolidation: A mental-chronometry and computational-modeling study of \u201cepistemic writing.\u201d <em>Journal of Writing Research<\/em>, <em>11<\/em>(1), 211\u2013243. <span><a href=\"https:\/\/doi.org\/10.17239\/jowr-2019.11.01.07\">https:\/\/doi.org\/10.17239\/jowr-2019.11.01.07<\/a><\/span><\/li>\n<li><strong>Limongi, R<\/strong>., Bohaterewicz, B., Nowicka, M., Plewka, A., &amp; Friston, K. J. (2018). Knowing when to stop: Aberrant precision and evidence accumulation in schizophrenia. <em>Schizophrenia Research<\/em>, <em>197<\/em>, 386\u2013391. <span><a href=\"https:\/\/doi.org\/10.1016\/j.schres.2017.12.018\">https:\/\/doi.org\/10.1016\/j.schres.2017.12.018<\/a><\/span><\/li>\n<li>Trafimow, D., Amrhein, V., Areshenkoff, C. N., Barrera-Causil, C. J., Beh, E. J., Bilgi\u00e7, Y. K., .\u00a0. . <strong>Limongi, R.<\/strong>, . . . Marmolejo-Ramos, F. (2018). Manipulating the alpha level cannot cure significance testing. <em>Frontiers in Psychology<\/em>, <em>9<\/em>(699). <span><a href=\"https:\/\/doi.org\/10.3389\/fpsyg.2018.00699\">https:\/\/doi.org\/10.3389\/fpsyg.2018.00699<\/a><\/span><\/li>\n<li><strong>Limongi, R<\/strong>., &amp; P\u00e9rez, F. J.* (2017). Successful and unsuccessful response inhibitions differentially affect the effective connectivity between insular, presupplementary-motor, and striatal areas. <em>Behavioral Neuroscience<\/em>, <em>131<\/em>(1), 20\u201332. <span><a href=\"https:\/\/doi.apa.org\/doi\/10.1037\/bne0000175\">https:\/\/doi.org\/10.1037\/bne0000175<\/a><\/span><\/li>\n<li>Silva, A**., &amp;<strong> Limongi, R. <\/strong>(2016). La escritura epist\u00e9mica en contextos profesionales: Desaf\u00edos de investigaci\u00f3n educativa, cognitiva y neurocient\u00edfica [Epistemic writing in profesional contexts: Challenges for educational, cognitive, and neuroscientific research]. <em>Revista Educaci\u00f3n Superior y Sociedad (ESS)<\/em>, <em>18<\/em>(18), 36\u201353. <span><a href=\"https:\/\/www.iesalc.unesco.org\/ess\/index.php\/ess3\/article\/view\/5\">https:\/\/www.iesalc.unesco.org\/ess\/index.php\/ess3\/article\/view\/5<\/a><\/span><\/li>\n<li><strong>Limongi, R<\/strong>., &amp; Silva, A. M.** (2016). Temporal prediction errors affect short-term memory scanning response time. <em>Experimental Psychology<\/em>, <em>63<\/em>(6), 333\u2013342. <span><a href=\"https:\/\/doi.org\/10.1027\/1618-3169\/a000339\">https:\/\/doi.org\/10.1027\/1618-3169\/a000339<\/a><\/span><\/li>\n<li><span> <\/span><strong>Limongi, R<\/strong>., Habib, R., Young, M. E., &amp; Reinke, K. (2016). Broca&#8217;s area activity in the lexical semantics of visual causal events. <em>Revista de Ling\u00fc\u00edstica Te\u00f3rica y Aplicada<\/em>, <em>54<\/em>(2), 43\u201362. <span><a href=\"https:\/\/doi.org\/10.4067\/S0718-48832016000200003\">https:\/\/doi.org\/10.4067\/S0718-48832016000200003<\/a><\/span><\/li>\n<li><strong>Limongi, R<\/strong>., P\u00e9rez, F. J.,* Modro\u00f1o, C., &amp; Gonz\u00e1lez-Mora, J. L. (2016). Temporal uncertainty and temporal estimation errors affect insular activity and the frontostriatal indirect pathway during action update: A predictive coding study. <em>Frontiers in Human Neuroscience<\/em>, <em>10<\/em>. <span><a href=\"https:\/\/doi.org\/10.3389\/fnhum.2016.00276\">https:\/\/doi.org\/10.3389\/fnhum.2016.00276<\/a><\/span><\/li>\n<li><strong>Limongi, R<\/strong>., Silva, A. M**., &amp; G\u00f3ngora-Costa, B. (2015). Temporal prediction errors modulate task-switching performance. <em>Frontiers in Psychology<\/em>, <em>6<\/em>, 1\u201310. <span><a href=\"https:\/\/doi.org\/10.3389\/fpsyg.2015.01185\">https:\/\/doi.org\/10.3389\/fpsyg.2015.01185<\/a><\/span><\/li>\n<li><strong>Limongi, R<\/strong>., Tomio, A., &amp; Ib\u00e1\u00f1ez, A. (2014). Dynamical predictions of insular hubs for social cognition and their application to stroke. <em>Frontiers in Behavioral Neuroscience<\/em>, <em>8<\/em>, 1\u20137. <span><a href=\"https:\/\/doi.org\/10.3389\/fnbeh.2014.00380\">https:\/\/doi.org\/10.3389\/fnbeh.2014.00380<\/a><\/span><\/li>\n<li><strong>Limongi, R<\/strong>., Sutherland, S. C., Zhu, J., Young, M. E., &amp; Habib, R. (2013). Temporal prediction errors modulate cingulate-insular coupling. <em>Neuroimage<\/em>, <em>71<\/em>, 147\u2013157. <span><a href=\"https:\/\/doi.org\/10.1016\/j.neuroimage.2012.12.078\">https:\/\/doi.org\/10.1016\/j.neuroimage.2012.12.078<\/a><\/span><\/li>\n<li><strong>Limongi, R<\/strong>. (2012). The periphrastic anticipatory effect: An fMRI study of the linguistic-driven anticipatory activity of posterior brain areas in causal representation. <em>Signos<\/em>, <em>45<\/em>(78), 60\u201369. <span><a href=\"https:\/\/doi.org\/10.4067\/S0718-09342012000100004\">https:\/\/doi.org\/10.4067\/S0718-09342012000100004<\/a><\/span><\/li>\n<li>Escobar, W., Ram\u00edrez, K**., \u00c1vila, C., <strong>Limongi, R<\/strong>., Vanegas, H., &amp; V\u00e1zquez, E. (2012). Metamizol, a non-opioid analgesic, acts via endocannabinoids in the PAG-RVM axis during inflammation in rats. <em>European Journal of Pain (London, England)<\/em>, <em>16<\/em>(5), 676\u2013689. <span><a href=\"https:\/\/doi.org\/10.1002\/j.1532-2149.2011.00057.x\">https:\/\/doi.org\/10.1002\/j.1532-2149.2011.00057.x<\/a><\/span><\/li>\n<li>Silva, A. M**., &amp; <strong>Limongi, R<\/strong>. (2012). El crimen no paga: An\u00e1lisis sociodiscursivo de 32 encuestas de opini\u00f3n en prensa digital venezolana [Crime does not pay: sociodiscoursive analysis of 32 opinion surveys in the Venezuelan digital media]. <em>Sociedad y Discurso<\/em>, <em>22<\/em>, 31\u201373. <span><a href=\"https:\/\/doi.org\/10.5278\/ojs..v0i22.907\">https:\/\/doi.org\/10.5278\/ojs..v0i22.907<\/a><\/span><\/li>\n<li><strong>Limongi, R<\/strong>., &amp; Young, M. E. (2011). Language-driven spatiotemporal causal integration in the prefrontal and premotor cortices. <em>Revista de Ling\u00fc\u00edstica Te\u00f3rica y Aplicada<\/em>, <em>49<\/em>(1), 13\u201327. <span><a href=\"http:\/\/dx.doi.org\/10.4067\/S0718-48832011000100002\">http:\/\/dx.doi.org\/10.4067\/S0718-48832011000100002<\/a><\/span><\/li>\n<li><strong>Limongi, R<\/strong>. (2006). Rol del procesamiento ling\u00fc\u00edstico y de la corteza visual primaria en la percepci\u00f3n de las relaciones causa-efecto [Role of linguistic processing and the primary visual cortex in the perception of cause-effect relationships], (<em>73<\/em>), 203\u2013224.<\/li>\n<li><strong>Limongi, R<\/strong>. (2002). Bases neurales del procesamiento del lenguaje escrito: Un enfoque neurofisiol\u00f3gico sobre la comprensi\u00f3n de textos [Neural basis of written language processing: A neurophysiological approach about text comprehension]. <em>Letras<\/em>, <em>64<\/em>(155\u2013184).<\/li>\n<li>Silva de Limongi, A., &amp; <strong>Limongi, R<\/strong>. (2002). La recontextualizaci\u00f3n de los conceptos de bioqu\u00edmica en la formaci\u00f3n del m\u00e9dico de la Universidad Central de Venezuela [The recontextualization of biochemistry concepts in medical Education at Universidad Central de Venezuela]. <em>Lingua Americana<\/em>, <em>6<\/em>(10), 70\u201391.<\/li>\n<\/ol>\n","protected":false},"excerpt":{"rendered":"<p>Publications * Undergraduate, ** graduate\/postdoctoral trainee under my supervision when the study was conducted; \u0398 co-first author or equal contribution. Skelton, A.B*., De Vries, L. A*., Silva, A. M., &amp; Limongi, R (2026). Writing through Sympathetic Arousal: A Perceptual Active Inference Model on the Effects of Sympathetic Arousal Interoception on Written and Spoken Grammatical Complexity\u00a0 [&hellip;]<\/p>\n","protected":false},"author":156,"featured_media":0,"parent":2,"menu_order":0,"comment_status":"closed","ping_status":"closed","template":"","meta":{"footnotes":""},"class_list":["post-30","page","type-page","status-publish","hentry"],"_links":{"self":[{"href":"https:\/\/people.brandonu.ca\/limongir\/wp-json\/wp\/v2\/pages\/30","targetHints":{"allow":["GET"]}}],"collection":[{"href":"https:\/\/people.brandonu.ca\/limongir\/wp-json\/wp\/v2\/pages"}],"about":[{"href":"https:\/\/people.brandonu.ca\/limongir\/wp-json\/wp\/v2\/types\/page"}],"author":[{"embeddable":true,"href":"https:\/\/people.brandonu.ca\/limongir\/wp-json\/wp\/v2\/users\/156"}],"replies":[{"embeddable":true,"href":"https:\/\/people.brandonu.ca\/limongir\/wp-json\/wp\/v2\/comments?post=30"}],"version-history":[{"count":4,"href":"https:\/\/people.brandonu.ca\/limongir\/wp-json\/wp\/v2\/pages\/30\/revisions"}],"predecessor-version":[{"id":108,"href":"https:\/\/people.brandonu.ca\/limongir\/wp-json\/wp\/v2\/pages\/30\/revisions\/108"}],"up":[{"embeddable":true,"href":"https:\/\/people.brandonu.ca\/limongir\/wp-json\/wp\/v2\/pages\/2"}],"wp:attachment":[{"href":"https:\/\/people.brandonu.ca\/limongir\/wp-json\/wp\/v2\/media?parent=30"}],"curies":[{"name":"wp","href":"https:\/\/api.w.org\/{rel}","templated":true}]}}