{"id":8,"date":"2012-06-13T16:27:59","date_gmt":"2012-06-13T21:27:59","guid":{"rendered":"http:\/\/people.brandonu.ca\/untereiner\/?page_id=8"},"modified":"2017-05-03T10:57:01","modified_gmt":"2017-05-03T15:57:01","slug":"articles-published","status":"publish","type":"page","link":"https:\/\/people.brandonu.ca\/untereiner\/articles-published\/","title":{"rendered":"Publications"},"content":{"rendered":"<h2><span style=\"font-size: x-large\"><a href=\"http:\/\/scholar.google.ca\/citations?hl=en&amp;user=5HWS5I4AAAAJ&amp;view_op=list_works\">Google Scholar Site<\/a><\/span><\/h2>\n<h2>Articles Published 2012-2017<\/h2>\n<p>(the names of the members of my lab are given in bold)<\/p>\n<p>R\u00e9blov\u00e1, M.,\u00a0<strong>W.A Untereiner<\/strong>, V. \u0160t\u011bp\u00e1nek, and W. Gams. 2017. Disentangling\u00a0<em>Phialophora<\/em>\u00a0section\u00a0<em>Catenulatae<\/em>: disposition of taxa with pigmented conidiophores and recognition of a new subclass, Sclerococcomycetidae (Eurotiomycetes).\u00a0<em>Mycological Progress<\/em>\u00a016: 27-46. (doi:10.1007\/s11557-016-1248-y)<\/p>\n<p><strong>Duff, L.B.<\/strong>,\u00a0<strong>T.M. Urichuk<\/strong>,\u00a0<strong>L.N. Hodgins<\/strong>,\u00a0<strong>J.R. Young<\/strong>, and\u00a0<strong>W.A. Untereiner<\/strong>. 2016. Diversity of fungi from the mound nests of\u00a0<em>Formica ulkei<\/em>\u00a0and adjacent non-nest soils.\u00a0<em>Canadian Journal of Microbiology<\/em> 62: 562-571. (doi:10.1139\/cjm-2015-0628)<\/p>\n<p>Scott, J.A., J.O. Ewaze, R.C. Summerbell, Y. Arocha-Rosete, A. Maharaj, Y. Guardiola, M. \u00a0Saleh, B. Wong, <strong>M. Bogale<\/strong>, <strong>M.J. O&#8217;Hara<\/strong>, and\u00a0<strong>W.A. Untereiner<\/strong>. 2016. Multilocus DNA sequencing of the whiskey fungus reveals a continent-scale speciation pattern. <em>Persoonia 37<\/em>: 13-20. (doi.:10.3767\/003158516X689576)<\/p>\n<p>Cuomo, C.A., <strong>W.A. Untereiner<\/strong>, L.-J. Ma, M. Grabherr, and B.W. Birren. 2015. Draft genome sequence of the cellulolytic fungus, <em>Chaetomium globosum<\/em>. <em>Genome Announcements<\/em> 3(1):e00021-15. (doi:10.1128\/genomeA.00021-15)<\/p>\n<p>Schoch, C.L. et al. (100 others including <strong>W.A. Untereiner<\/strong>).\u00a02014. Finding needles in haystacks: linking scientific names, reference specimens and molecular data for Fungi. <em>Database<\/em>. (doi:10.1093\/database\/bau061)<\/p>\n<p>R\u00e9blov\u00e1, M., <b>W.A Untereiner<\/b> and K. R\u00e9blov\u00e1. 2013. Novel evolutionary lineages revealed in the Chaetothyriales (Fungi) based on multigene phylogenetic analyses and comparisons of ITS secondary structure. <em>PLoS ONE<\/em> 8: e63547.<\/p>\n<p><b>Untereiner, W.A<\/b>., <b>M. Bogale<\/b>, A. Carter, B. Platt, S.\u00c5. Hanson, T. L\u00e6ss\u00f8e, V. \u0160t\u011bp\u00e1nek and M. R\u00e9blov\u00e1. 2013. Molecular phylogeny of Boliniales (Sordariomycetes) with an assessment of the systematics of <em>Apiorhynchostoma<\/em>, <em>Endoxyla<\/em> and <em>Pseudovalsaria.<\/em> <em>Mycologia<\/em> 105: 564-588.<\/p>\n<p>Baral, H.-O., G. Marson, <b>M. Bogale<\/b> and <b>W.A. Untereiner<\/b>. 2013.\u00a0<em>Xerombrophila crystallifera<\/em>, a new genus and species in the Helotiales. <em>Mycological Progress<\/em> 12: 475.488.<!--?xml:namespace prefix = \"o\" ns = \"urn:schemas-microsoft-com:office:office\" \/--><\/p>\n<p>Diederich, P., J.D. Lawrey, D. Ertz, M. Sikaroodi and <strong>W.A. Untereiner<\/strong>. 2013. Molecular data place the hyphomycete lichenicolous genus <em>Sclerococcum<\/em> close to <em>Dactylospora <\/em>(Eurotiomycetes) and <em>S. parmeliae<\/em> in <em>Cladophialophora<\/em> (Chaetothyriales). <em>Fungal Diversity <\/em>58: 61-72.<\/p>\n<p>Schoch, C.L. et al. (155 others including\u00a0<strong>M. Bogale<\/strong>\u00a0and\u00a0<strong>W.A. Untereiner<\/strong>). 2012. Nuclear ribosomal internal transcribed spacer (ITS)\u00a0region as a universal DNA barcode marker for Fungi.\u00a0<em>PNAS\u00a0<\/em>109: 6241-6246<em>.<\/em><\/p>\n<p>Baral, H.O., G. Garcia,\u00a0<strong>M. Bogale<\/strong>,\u00a0<strong>M.J. O\u2019Hara<\/strong>\u00a0and\u00a0<strong>W.A. Untereiner<\/strong>. 2012.\u00a0<em>Colipila<\/em>, a new genus in the Helotiales.\u00a0<em>Mycological Progress<\/em>\u00a011: 201-214.<\/p>\n","protected":false},"excerpt":{"rendered":"<p>Google Scholar Site Articles Published 2012-2017 (the names of the members of my lab are given in bold) R\u00e9blov\u00e1, M.,\u00a0W.A Untereiner, V. \u0160t\u011bp\u00e1nek, and W. Gams. 2017. Disentangling\u00a0Phialophora\u00a0section\u00a0Catenulatae: disposition of taxa with pigmented conidiophores and recognition of a new subclass, Sclerococcomycetidae (Eurotiomycetes).\u00a0Mycological Progress\u00a016: 27-46. (doi:10.1007\/s11557-016-1248-y) Duff, L.B.,\u00a0T.M. Urichuk,\u00a0L.N. Hodgins,\u00a0J.R. Young, and\u00a0W.A. Untereiner. 2016. Diversity of [&hellip;]<\/p>\n","protected":false},"author":13,"featured_media":0,"parent":0,"menu_order":10,"comment_status":"closed","ping_status":"closed","template":"","meta":{"footnotes":""},"class_list":["post-8","page","type-page","status-publish","hentry"],"_links":{"self":[{"href":"https:\/\/people.brandonu.ca\/untereiner\/wp-json\/wp\/v2\/pages\/8","targetHints":{"allow":["GET"]}}],"collection":[{"href":"https:\/\/people.brandonu.ca\/untereiner\/wp-json\/wp\/v2\/pages"}],"about":[{"href":"https:\/\/people.brandonu.ca\/untereiner\/wp-json\/wp\/v2\/types\/page"}],"author":[{"embeddable":true,"href":"https:\/\/people.brandonu.ca\/untereiner\/wp-json\/wp\/v2\/users\/13"}],"replies":[{"embeddable":true,"href":"https:\/\/people.brandonu.ca\/untereiner\/wp-json\/wp\/v2\/comments?post=8"}],"version-history":[{"count":42,"href":"https:\/\/people.brandonu.ca\/untereiner\/wp-json\/wp\/v2\/pages\/8\/revisions"}],"predecessor-version":[{"id":107,"href":"https:\/\/people.brandonu.ca\/untereiner\/wp-json\/wp\/v2\/pages\/8\/revisions\/107"}],"wp:attachment":[{"href":"https:\/\/people.brandonu.ca\/untereiner\/wp-json\/wp\/v2\/media?parent=8"}],"curies":[{"name":"wp","href":"https:\/\/api.w.org\/{rel}","templated":true}]}}